{"id":16,"date":"2021-11-21T15:14:44","date_gmt":"2021-11-21T15:14:44","guid":{"rendered":"https:\/\/idiomasisol.com\/index.php\/contact\/"},"modified":"2025-08-25T01:01:46","modified_gmt":"2025-08-25T07:01:46","slug":"contact","status":"publish","type":"page","link":"https:\/\/idiomasisol.com\/index.php\/contact\/","title":{"rendered":"Viajes"},"content":{"rendered":"\t\t<div data-elementor-type=\"wp-page\" data-elementor-id=\"16\" class=\"elementor elementor-16\">\n\t\t\t\t\t\t\t\t\t<section class=\"elementor-section elementor-top-section elementor-element elementor-element-6713cc3 elementor-section-height-min-height elementor-section-boxed elementor-section-height-default elementor-section-items-middle\" data-id=\"6713cc3\" data-element_type=\"section\" data-settings=\"{&quot;background_background&quot;:&quot;classic&quot;}\">\n\t\t\t\t\t\t\t<div class=\"elementor-background-overlay\"><\/div>\n\t\t\t\t\t\t\t<div class=\"elementor-container elementor-column-gap-default\">\n\t\t\t\t\t<div class=\"elementor-column elementor-col-100 elementor-top-column elementor-element elementor-element-ddcf7e8\" data-id=\"ddcf7e8\" data-element_type=\"column\">\n\t\t\t<div class=\"elementor-widget-wrap elementor-element-populated\">\n\t\t\t\t\t\t\t\t<div class=\"elementor-element elementor-element-9654805 elementor-widget elementor-widget-heading\" data-id=\"9654805\" data-element_type=\"widget\" data-widget_type=\"heading.default\">\n\t\t\t\t<div class=\"elementor-widget-container\">\n\t\t\t<style>\/*! elementor - v3.15.0 - 09-08-2023 *\/\n.elementor-heading-title{padding:0;margin:0;line-height:1}.elementor-widget-heading .elementor-heading-title[class*=elementor-size-]>a{color:inherit;font-size:inherit;line-height:inherit}.elementor-widget-heading .elementor-heading-title.elementor-size-small{font-size:15px}.elementor-widget-heading .elementor-heading-title.elementor-size-medium{font-size:19px}.elementor-widget-heading .elementor-heading-title.elementor-size-large{font-size:29px}.elementor-widget-heading .elementor-heading-title.elementor-size-xl{font-size:39px}.elementor-widget-heading .elementor-heading-title.elementor-size-xxl{font-size:59px}<\/style><h1 class=\"elementor-heading-title elementor-size-default\">VIAJES <\/h1>\t\t<\/div>\n\t\t\t\t<\/div>\n\t\t\t\t\t<\/div>\n\t\t<\/div>\n\t\t\t\t\t\t\t<\/div>\n\t\t<\/section>\n\t\t\t\t<section class=\"elementor-section elementor-top-section elementor-element elementor-element-67f828f elementor-section-boxed elementor-section-height-default elementor-section-height-default\" data-id=\"67f828f\" data-element_type=\"section\" data-settings=\"{&quot;background_background&quot;:&quot;classic&quot;}\">\n\t\t\t\t\t\t<div class=\"elementor-container elementor-column-gap-default\">\n\t\t\t\t\t<div class=\"elementor-column elementor-col-100 elementor-top-column elementor-element elementor-element-c2e76a9\" data-id=\"c2e76a9\" data-element_type=\"column\">\n\t\t\t<div class=\"elementor-widget-wrap elementor-element-populated\">\n\t\t\t\t\t\t\t\t<div class=\"elementor-element elementor-element-53ee635 elementor-widget elementor-widget-heading\" data-id=\"53ee635\" data-element_type=\"widget\" data-widget_type=\"heading.default\">\n\t\t\t\t<div class=\"elementor-widget-container\">\n\t\t\t<h2 class=\"elementor-heading-title elementor-size-default\">VIAJES AL EXTRANJERO<\/h2>\t\t<\/div>\n\t\t\t\t<\/div>\n\t\t\t\t<div class=\"elementor-element elementor-element-ecb4774 elementor-widget elementor-widget-text-editor\" data-id=\"ecb4774\" data-element_type=\"widget\" data-widget_type=\"text-editor.default\">\n\t\t\t\t<div class=\"elementor-widget-container\">\n\t\t\t<style>\/*! elementor - v3.15.0 - 09-08-2023 *\/\n.elementor-widget-text-editor.elementor-drop-cap-view-stacked .elementor-drop-cap{background-color:#69727d;color:#fff}.elementor-widget-text-editor.elementor-drop-cap-view-framed .elementor-drop-cap{color:#69727d;border:3px solid;background-color:transparent}.elementor-widget-text-editor:not(.elementor-drop-cap-view-default) .elementor-drop-cap{margin-top:8px}.elementor-widget-text-editor:not(.elementor-drop-cap-view-default) .elementor-drop-cap-letter{width:1em;height:1em}.elementor-widget-text-editor .elementor-drop-cap{float:left;text-align:center;line-height:1;font-size:50px}.elementor-widget-text-editor .elementor-drop-cap-letter{display:inline-block}<\/style>\t\t\t\t<p>En <strong data-start=\"409\" data-end=\"417\">ISOL<\/strong> creemos que aprender un idioma va m\u00e1s all\u00e1 del sal\u00f3n de clases: es vivirlo, respirarlo y experimentarlo en su lugar de origen.<br data-start=\"544\" data-end=\"547\" \/>Nuestros <strong data-start=\"556\" data-end=\"586\">viajes acad\u00e9micos a Europa<\/strong> combinan el aprendizaje de idiomas con la inmersi\u00f3n cultural, haciendo que cada destino sea una oportunidad para crecer y abrir horizontes.<\/p>\t\t\t\t\t\t<\/div>\n\t\t\t\t<\/div>\n\t\t\t\t\t<\/div>\n\t\t<\/div>\n\t\t\t\t\t\t\t<\/div>\n\t\t<\/section>\n\t\t\t\t<section class=\"elementor-section elementor-top-section elementor-element elementor-element-a541000 elementor-section-boxed elementor-section-height-default elementor-section-height-default\" data-id=\"a541000\" data-element_type=\"section\">\n\t\t\t\t\t\t<div class=\"elementor-container elementor-column-gap-default\">\n\t\t\t\t\t<div class=\"elementor-column elementor-col-33 elementor-top-column elementor-element elementor-element-a3d7933\" data-id=\"a3d7933\" data-element_type=\"column\">\n\t\t\t<div class=\"elementor-widget-wrap elementor-element-populated\">\n\t\t\t\t\t\t\t\t<div class=\"elementor-element elementor-element-c3286fb elementor-widget elementor-widget-image\" data-id=\"c3286fb\" data-element_type=\"widget\" data-widget_type=\"image.default\">\n\t\t\t\t<div class=\"elementor-widget-container\">\n\t\t\t<style>\/*! elementor - v3.15.0 - 09-08-2023 *\/\n.elementor-widget-image{text-align:center}.elementor-widget-image a{display:inline-block}.elementor-widget-image a img[src$=\".svg\"]{width:48px}.elementor-widget-image img{vertical-align:middle;display:inline-block}<\/style>\t\t\t\t\t\t\t\t\t\t\t\t<img loading=\"lazy\" decoding=\"async\" width=\"1024\" height=\"684\" src=\"https:\/\/idiomasisol.com\/wp-content\/uploads\/2025\/08\/pexels-wolfgang-1002140-2748019-1024x684.jpg\" class=\"attachment-large size-large wp-image-1854\" alt=\"\" srcset=\"https:\/\/idiomasisol.com\/wp-content\/uploads\/2025\/08\/pexels-wolfgang-1002140-2748019-1024x684.jpg 1024w, https:\/\/idiomasisol.com\/wp-content\/uploads\/2025\/08\/pexels-wolfgang-1002140-2748019-300x200.jpg 300w, https:\/\/idiomasisol.com\/wp-content\/uploads\/2025\/08\/pexels-wolfgang-1002140-2748019-768x513.jpg 768w, https:\/\/idiomasisol.com\/wp-content\/uploads\/2025\/08\/pexels-wolfgang-1002140-2748019-1536x1025.jpg 1536w, https:\/\/idiomasisol.com\/wp-content\/uploads\/2025\/08\/pexels-wolfgang-1002140-2748019-2048x1367.jpg 2048w\" sizes=\"auto, (max-width: 1024px) 100vw, 1024px\" \/>\t\t\t\t\t\t\t\t\t\t\t\t\t\t\t<\/div>\n\t\t\t\t<\/div>\n\t\t\t\t<div class=\"elementor-element elementor-element-67b6f05 elementor-widget elementor-widget-heading\" data-id=\"67b6f05\" data-element_type=\"widget\" data-widget_type=\"heading.default\">\n\t\t\t\t<div class=\"elementor-widget-container\">\n\t\t\t<h2 class=\"elementor-heading-title elementor-size-default\">ITALIA<\/h2>\t\t<\/div>\n\t\t\t\t<\/div>\n\t\t\t\t<div class=\"elementor-element elementor-element-747cb0a elementor-widget elementor-widget-text-editor\" data-id=\"747cb0a\" data-element_type=\"widget\" data-widget_type=\"text-editor.default\">\n\t\t\t\t<div class=\"elementor-widget-container\">\n\t\t\t\t\t\t\t<p>Sum\u00e9rgete en la cuna del arte, la moda y la historia.<\/p>\t\t\t\t\t\t<\/div>\n\t\t\t\t<\/div>\n\t\t\t\t\t<\/div>\n\t\t<\/div>\n\t\t\t\t<div class=\"elementor-column elementor-col-33 elementor-top-column elementor-element elementor-element-87a98ef\" data-id=\"87a98ef\" data-element_type=\"column\">\n\t\t\t<div class=\"elementor-widget-wrap elementor-element-populated\">\n\t\t\t\t\t\t\t\t<div class=\"elementor-element elementor-element-06b3869 elementor-widget__width-inherit elementor-widget elementor-widget-image\" data-id=\"06b3869\" data-element_type=\"widget\" data-widget_type=\"image.default\">\n\t\t\t\t<div class=\"elementor-widget-container\">\n\t\t\t\t\t\t\t\t\t\t\t\t\t\t\t<img loading=\"lazy\" decoding=\"async\" width=\"1024\" height=\"768\" src=\"https:\/\/idiomasisol.com\/wp-content\/uploads\/2025\/08\/pexels-jarod-4859658-1024x768.jpg\" class=\"attachment-large size-large wp-image-1852\" alt=\"\" srcset=\"https:\/\/idiomasisol.com\/wp-content\/uploads\/2025\/08\/pexels-jarod-4859658-1024x768.jpg 1024w, https:\/\/idiomasisol.com\/wp-content\/uploads\/2025\/08\/pexels-jarod-4859658-300x225.jpg 300w, https:\/\/idiomasisol.com\/wp-content\/uploads\/2025\/08\/pexels-jarod-4859658-768x576.jpg 768w, https:\/\/idiomasisol.com\/wp-content\/uploads\/2025\/08\/pexels-jarod-4859658-1536x1152.jpg 1536w, https:\/\/idiomasisol.com\/wp-content\/uploads\/2025\/08\/pexels-jarod-4859658-2048x1536.jpg 2048w\" sizes=\"auto, (max-width: 1024px) 100vw, 1024px\" \/>\t\t\t\t\t\t\t\t\t\t\t\t\t\t\t<\/div>\n\t\t\t\t<\/div>\n\t\t\t\t<div class=\"elementor-element elementor-element-9f1d5b3 elementor-widget elementor-widget-heading\" data-id=\"9f1d5b3\" data-element_type=\"widget\" data-widget_type=\"heading.default\">\n\t\t\t\t<div class=\"elementor-widget-container\">\n\t\t\t<h2 class=\"elementor-heading-title elementor-size-default\">PARIS<\/h2>\t\t<\/div>\n\t\t\t\t<\/div>\n\t\t\t\t<div class=\"elementor-element elementor-element-91e98b9 elementor-widget elementor-widget-text-editor\" data-id=\"91e98b9\" data-element_type=\"widget\" data-widget_type=\"text-editor.default\">\n\t\t\t\t<div class=\"elementor-widget-container\">\n\t\t\t\t\t\t\t<p>Vive el idioma del amor, la gastronom\u00eda y la cultura.<\/p>\t\t\t\t\t\t<\/div>\n\t\t\t\t<\/div>\n\t\t\t\t\t<\/div>\n\t\t<\/div>\n\t\t\t\t<div class=\"elementor-column elementor-col-33 elementor-top-column elementor-element elementor-element-0965d4f\" data-id=\"0965d4f\" data-element_type=\"column\">\n\t\t\t<div class=\"elementor-widget-wrap elementor-element-populated\">\n\t\t\t\t\t\t\t\t<div class=\"elementor-element elementor-element-853eebe elementor-widget elementor-widget-image\" data-id=\"853eebe\" data-element_type=\"widget\" data-widget_type=\"image.default\">\n\t\t\t\t<div class=\"elementor-widget-container\">\n\t\t\t\t\t\t\t\t\t\t\t\t\t\t\t<img loading=\"lazy\" decoding=\"async\" width=\"1024\" height=\"769\" src=\"https:\/\/idiomasisol.com\/wp-content\/uploads\/2025\/08\/pexels-manualman32-726484-1024x769.jpg\" class=\"attachment-large size-large wp-image-1851\" alt=\"\" srcset=\"https:\/\/idiomasisol.com\/wp-content\/uploads\/2025\/08\/pexels-manualman32-726484-1024x769.jpg 1024w, https:\/\/idiomasisol.com\/wp-content\/uploads\/2025\/08\/pexels-manualman32-726484-300x225.jpg 300w, https:\/\/idiomasisol.com\/wp-content\/uploads\/2025\/08\/pexels-manualman32-726484-768x576.jpg 768w, https:\/\/idiomasisol.com\/wp-content\/uploads\/2025\/08\/pexels-manualman32-726484-1536x1153.jpg 1536w, https:\/\/idiomasisol.com\/wp-content\/uploads\/2025\/08\/pexels-manualman32-726484-2048x1537.jpg 2048w\" sizes=\"auto, (max-width: 1024px) 100vw, 1024px\" \/>\t\t\t\t\t\t\t\t\t\t\t\t\t\t\t<\/div>\n\t\t\t\t<\/div>\n\t\t\t\t<div class=\"elementor-element elementor-element-eb19b7b elementor-widget elementor-widget-heading\" data-id=\"eb19b7b\" data-element_type=\"widget\" data-widget_type=\"heading.default\">\n\t\t\t\t<div class=\"elementor-widget-container\">\n\t\t\t<h2 class=\"elementor-heading-title elementor-size-default\">LOND\u00d3N<\/h2>\t\t<\/div>\n\t\t\t\t<\/div>\n\t\t\t\t<div class=\"elementor-element elementor-element-bc8f995 elementor-widget elementor-widget-text-editor\" data-id=\"bc8f995\" data-element_type=\"widget\" data-widget_type=\"text-editor.default\">\n\t\t\t\t<div class=\"elementor-widget-container\">\n\t\t\t\t\t\t\t<p>Descubre el ingl\u00e9s en su versi\u00f3n m\u00e1s aut\u00e9ntica, entre tradici\u00f3n y modernidad.<\/p>\t\t\t\t\t\t<\/div>\n\t\t\t\t<\/div>\n\t\t\t\t\t<\/div>\n\t\t<\/div>\n\t\t\t\t\t\t\t<\/div>\n\t\t<\/section>\n\t\t\t\t<section class=\"elementor-section elementor-top-section elementor-element elementor-element-984e288 elementor-section-boxed elementor-section-height-default elementor-section-height-default\" data-id=\"984e288\" data-element_type=\"section\">\n\t\t\t\t\t\t<div class=\"elementor-container elementor-column-gap-default\">\n\t\t\t\t\t<div class=\"elementor-column elementor-col-100 elementor-top-column elementor-element elementor-element-33570c6\" data-id=\"33570c6\" data-element_type=\"column\">\n\t\t\t<div class=\"elementor-widget-wrap elementor-element-populated\">\n\t\t\t\t\t\t\t\t<div class=\"elementor-element elementor-element-9b34787 elementor-widget elementor-widget-heading\" data-id=\"9b34787\" data-element_type=\"widget\" data-widget_type=\"heading.default\">\n\t\t\t\t<div class=\"elementor-widget-container\">\n\t\t\t<h2 class=\"elementor-heading-title elementor-size-default\">BENEFICIOS<\/h2>\t\t<\/div>\n\t\t\t\t<\/div>\n\t\t\t\t<div class=\"elementor-element elementor-element-c4434db elementor-widget elementor-widget-text-editor\" data-id=\"c4434db\" data-element_type=\"widget\" data-widget_type=\"text-editor.default\">\n\t\t\t\t<div class=\"elementor-widget-container\">\n\t\t\t\t\t\t\t<ul><li data-start=\"1162\" data-end=\"1226\"><p data-start=\"1164\" data-end=\"1226\">Clases de idiomas en escuelas certificadas en el extranjero.<\/p><\/li><li data-start=\"1227\" data-end=\"1301\"><p data-start=\"1229\" data-end=\"1301\">Experiencias culturales guiadas: museos, monumentos, tours hist\u00f3ricos.<\/p><\/li><li data-start=\"1302\" data-end=\"1375\"><p data-start=\"1304\" data-end=\"1375\">Oportunidad de practicar el idioma con nativos en situaciones reales.<\/p><\/li><li data-start=\"1376\" data-end=\"1433\"><p data-start=\"1378\" data-end=\"1433\">Acompa\u00f1amiento de coordinadores ISOL en todo momento.<\/p><\/li><li data-start=\"1434\" data-end=\"1492\"><p data-start=\"1436\" data-end=\"1492\">Planes dise\u00f1ados para adolescentes, j\u00f3venes y adultos.<\/p><\/li><\/ul>\t\t\t\t\t\t<\/div>\n\t\t\t\t<\/div>\n\t\t\t\t\t<\/div>\n\t\t<\/div>\n\t\t\t\t\t\t\t<\/div>\n\t\t<\/section>\n\t\t\t\t\t\t\t<\/div>\n\t\t","protected":false},"excerpt":{"rendered":"<p>VIAJES VIAJES AL EXTRANJERO En ISOL creemos que aprender un idioma va m\u00e1s all\u00e1 del sal\u00f3n de clases: es vivirlo, respirarlo y experimentarlo en su lugar de origen.Nuestros viajes acad\u00e9micos a Europa combinan el aprendizaje de idiomas con la inmersi\u00f3n cultural, haciendo que cada destino sea una oportunidad para crecer y abrir horizontes. ITALIA Sum\u00e9rgete &hellip;<\/p>\n<p class=\"read-more\"> <a class=\"\" href=\"https:\/\/idiomasisol.com\/index.php\/contact\/\"> <span class=\"screen-reader-text\">Viajes<\/span> Leer m\u00e1s &raquo;<\/a><\/p>\n","protected":false},"author":1,"featured_media":0,"parent":0,"menu_order":0,"comment_status":"closed","ping_status":"closed","template":"","meta":{"site-sidebar-layout":"no-sidebar","site-content-layout":"page-builder","ast-global-header-display":"","ast-banner-title-visibility":"","ast-main-header-display":"","ast-hfb-above-header-display":"","ast-hfb-below-header-display":"","ast-hfb-mobile-header-display":"","site-post-title":"disabled","ast-breadcrumbs-content":"","ast-featured-img":"disabled","footer-sml-layout":"","theme-transparent-header-meta":"disabled","adv-header-id-meta":"","stick-header-meta":"","header-above-stick-meta":"","header-main-stick-meta":"","header-below-stick-meta":"","_joinchat":[],"footnotes":""},"class_list":["post-16","page","type-page","status-publish","hentry"],"_links":{"self":[{"href":"https:\/\/idiomasisol.com\/index.php\/wp-json\/wp\/v2\/pages\/16","targetHints":{"allow":["GET"]}}],"collection":[{"href":"https:\/\/idiomasisol.com\/index.php\/wp-json\/wp\/v2\/pages"}],"about":[{"href":"https:\/\/idiomasisol.com\/index.php\/wp-json\/wp\/v2\/types\/page"}],"author":[{"embeddable":true,"href":"https:\/\/idiomasisol.com\/index.php\/wp-json\/wp\/v2\/users\/1"}],"replies":[{"embeddable":true,"href":"https:\/\/idiomasisol.com\/index.php\/wp-json\/wp\/v2\/comments?post=16"}],"version-history":[{"count":12,"href":"https:\/\/idiomasisol.com\/index.php\/wp-json\/wp\/v2\/pages\/16\/revisions"}],"predecessor-version":[{"id":1860,"href":"https:\/\/idiomasisol.com\/index.php\/wp-json\/wp\/v2\/pages\/16\/revisions\/1860"}],"wp:attachment":[{"href":"https:\/\/idiomasisol.com\/index.php\/wp-json\/wp\/v2\/media?parent=16"}],"curies":[{"name":"wp","href":"https:\/\/api.w.org\/{rel}","templated":true}]}}