{"id":1474,"date":"2024-07-18T04:35:07","date_gmt":"2024-07-18T10:35:07","guid":{"rendered":"https:\/\/idiomasisol.com\/?page_id=1474"},"modified":"2024-08-13T19:17:14","modified_gmt":"2024-08-14T01:17:14","slug":"italia","status":"publish","type":"page","link":"https:\/\/idiomasisol.com\/index.php\/italia\/","title":{"rendered":"Italia"},"content":{"rendered":"\t\t<div data-elementor-type=\"wp-page\" data-elementor-id=\"1474\" class=\"elementor elementor-1474\">\n\t\t\t\t\t\t\t\t\t<section class=\"elementor-section elementor-top-section elementor-element elementor-element-m2k1qtk elementor-section-full_width elementor-section-height-default elementor-section-height-default\" data-id=\"m2k1qtk\" data-element_type=\"section\" data-settings=\"{&quot;background_background&quot;:&quot;classic&quot;}\">\n\t\t\t\t\t\t<div class=\"elementor-container elementor-column-gap-no\">\n\t\t\t\t\t<div class=\"elementor-column elementor-col-100 elementor-top-column elementor-element elementor-element-5ffd739\" data-id=\"5ffd739\" data-element_type=\"column\">\n\t\t\t<div class=\"elementor-widget-wrap elementor-element-populated\">\n\t\t\t\t\t\t\t\t<div class=\"elementor-element elementor-element-db39ed2 elementor-widget elementor-widget-image\" data-id=\"db39ed2\" data-element_type=\"widget\" data-widget_type=\"image.default\">\n\t\t\t\t<div class=\"elementor-widget-container\">\n\t\t\t<style>\/*! elementor - v3.15.0 - 09-08-2023 *\/\n.elementor-widget-image{text-align:center}.elementor-widget-image a{display:inline-block}.elementor-widget-image a img[src$=\".svg\"]{width:48px}.elementor-widget-image img{vertical-align:middle;display:inline-block}<\/style>\t\t\t\t\t\t\t\t\t\t\t\t<img decoding=\"async\" src=\"https:\/\/idiomasisol.com\/wp-content\/uploads\/elementor\/thumbs\/pexels-julius-silver-240301-753639-qskoioto5gh30rdlopimt4gy531298kd4isagaku2o.jpg\" title=\"pexels-julius-silver-240301-753639\" alt=\"pexels-julius-silver-240301-753639\" loading=\"lazy\" \/>\t\t\t\t\t\t\t\t\t\t\t\t\t\t\t<\/div>\n\t\t\t\t<\/div>\n\t\t\t\t<section class=\"elementor-section elementor-inner-section elementor-element elementor-element-e07b74c elementor-section-boxed elementor-section-height-default elementor-section-height-default\" data-id=\"e07b74c\" data-element_type=\"section\">\n\t\t\t\t\t\t<div class=\"elementor-container elementor-column-gap-no\">\n\t\t\t\t\t<div class=\"elementor-column elementor-col-100 elementor-inner-column elementor-element elementor-element-2e93442\" data-id=\"2e93442\" data-element_type=\"column\">\n\t\t\t<div class=\"elementor-widget-wrap elementor-element-populated\">\n\t\t\t\t\t\t\t\t<div class=\"elementor-element elementor-element-d5dc303 elementor-widget elementor-widget-heading\" data-id=\"d5dc303\" data-element_type=\"widget\" data-widget_type=\"heading.default\">\n\t\t\t\t<div class=\"elementor-widget-container\">\n\t\t\t<style>\/*! elementor - v3.15.0 - 09-08-2023 *\/\n.elementor-heading-title{padding:0;margin:0;line-height:1}.elementor-widget-heading .elementor-heading-title[class*=elementor-size-]>a{color:inherit;font-size:inherit;line-height:inherit}.elementor-widget-heading .elementor-heading-title.elementor-size-small{font-size:15px}.elementor-widget-heading .elementor-heading-title.elementor-size-medium{font-size:19px}.elementor-widget-heading .elementor-heading-title.elementor-size-large{font-size:29px}.elementor-widget-heading .elementor-heading-title.elementor-size-xl{font-size:39px}.elementor-widget-heading .elementor-heading-title.elementor-size-xxl{font-size:59px}<\/style><h1 class=\"elementor-heading-title elementor-size-xl\">VIAJA A ITALIA<\/h1>\t\t<\/div>\n\t\t\t\t<\/div>\n\t\t\t\t\t<\/div>\n\t\t<\/div>\n\t\t\t\t\t\t\t<\/div>\n\t\t<\/section>\n\t\t\t\t\t<\/div>\n\t\t<\/div>\n\t\t\t\t\t\t\t<\/div>\n\t\t<\/section>\n\t\t\t\t<section class=\"elementor-section elementor-top-section elementor-element elementor-element-445w7st elementor-section-content-middle elementor-section-boxed elementor-section-height-default elementor-section-height-default\" data-id=\"445w7st\" data-element_type=\"section\" data-settings=\"{&quot;background_background&quot;:&quot;classic&quot;}\">\n\t\t\t\t\t\t\t<div class=\"elementor-background-overlay\"><\/div>\n\t\t\t\t\t\t\t<div class=\"elementor-container elementor-column-gap-no\">\n\t\t\t\t\t<div class=\"elementor-column elementor-col-50 elementor-top-column elementor-element elementor-element-9247ec0\" data-id=\"9247ec0\" data-element_type=\"column\">\n\t\t\t<div class=\"elementor-widget-wrap elementor-element-populated\">\n\t\t\t\t\t\t\t\t<div class=\"elementor-element elementor-element-f003f55 elementor-widget elementor-widget-heading\" data-id=\"f003f55\" data-element_type=\"widget\" data-widget_type=\"heading.default\">\n\t\t\t\t<div class=\"elementor-widget-container\">\n\t\t\t<h2 class=\"elementor-heading-title elementor-size-default\"><h3>\u00a1VIVE LA MEJOR EXPERIENCIA DE TU VIDA!<\/h3><\/h2>\t\t<\/div>\n\t\t\t\t<\/div>\n\t\t\t\t<div class=\"elementor-element elementor-element-aba5f59 elementor-widget__width-initial elementor-widget elementor-widget-text-editor\" data-id=\"aba5f59\" data-element_type=\"widget\" data-widget_type=\"text-editor.default\">\n\t\t\t\t<div class=\"elementor-widget-container\">\n\t\t\t<style>\/*! elementor - v3.15.0 - 09-08-2023 *\/\n.elementor-widget-text-editor.elementor-drop-cap-view-stacked .elementor-drop-cap{background-color:#69727d;color:#fff}.elementor-widget-text-editor.elementor-drop-cap-view-framed .elementor-drop-cap{color:#69727d;border:3px solid;background-color:transparent}.elementor-widget-text-editor:not(.elementor-drop-cap-view-default) .elementor-drop-cap{margin-top:8px}.elementor-widget-text-editor:not(.elementor-drop-cap-view-default) .elementor-drop-cap-letter{width:1em;height:1em}.elementor-widget-text-editor .elementor-drop-cap{float:left;text-align:center;line-height:1;font-size:50px}.elementor-widget-text-editor .elementor-drop-cap-letter{display:inline-block}<\/style>\t\t\t\t<ul><li>T\u00fa, tus amigos y flia est\u00e1n invitados a disfrutar de Italia y Paris<\/li><li>Viajes de 2 hasta 6 semanas, en diferentes meses del a\u00f1o!<\/li><li>Lo \u00fanico que tienes que hacer es contactarnos y nosotros te asesoraremos en cada paso para que vivas la mayor experiencia de tu vida<\/li><li>A continuaci\u00f3n te presentamos los paquetes a elegir y la descripci\u00f3n de lo que incluyen a precios s\u00faper econ\u00f3micos<\/li><li>No lo pienses m\u00e1s y cont\u00e1ctanos o llena el formulario para mayor informaci\u00f3n de este viaje<\/li><li>Pregunta por los meses disponibles para viajar<\/li><\/ul><h3>\u00a1Paga hasta 6, 9 y 12 meses con T.C participantes!<\/h3><h2>PAQUETES<\/h2><h4><strong>1. Italia al massimo!<\/strong><\/h4><h4><strong>Costo: $45,000 MXN<\/strong><\/h4><p><strong>Incluye:<\/strong><br \/>\u2022 Acompa\u00f1amiento de los profesores en todas las excursiones de Italia.<br \/>\u2022 100 hrs de clase ingl\u00e9s o italiano.<br \/>\u2022 20 hrs de clase de cultura italiana como arte, gastronom\u00eda, m\u00fasica, cinema, literatura e historia.<br \/>\u2022 Alojamiento por 4 semanas en dpto. Totalmente equipado con todos los servicios, climatizado, tel\u00e9fono, internet, balc\u00f3n, gimnasio, cancha de tenis y piscina.<br \/>\u2022 20 Excursionesnes por las ciudades m\u00e1s bellas: Venecia, Napoli, Vaticano, Roma, Pisa, Florencia, Verona, entre otras.<br \/>\u2022 Transfer del aeropuerto de Roma al dpto.<br \/>\u2022 Fiesta de bienvenida, cena internacional, diploma y graduaci\u00f3n en castillo, \u00a1y mucha diversi\u00f3n!<br \/>\u2022 4 semanas de curso intensivo de ingl\u00e9s o italiano, previo al viaje.<\/p><h4><strong>2. Italia veloce!<\/strong><\/h4><h4><strong>Costo: $25,000 MXN<\/strong><\/h4><p><strong>Incluye:<\/strong><br \/>\u2022 Acompa\u00f1amiento de los profesores en todas las excursiones de Italia.<br \/>\u2022 50 hrs de clase ingl\u00e9s o italiano.<br \/>\u2022 20 hrs de clase de cultura italiana como arte, gastronom\u00eda, m\u00fasica, cinema, literatura e historia.<br \/>\u2022 Alojamiento por 2 semanas en dpto. Totalmente equipado con todos los servicios, climatizado, tel\u00e9fono, internet, balc\u00f3n, gimnasio, cancha de tenis y piscina.<br \/>\u2022 10 Excursionesnes por las ciudades m\u00e1s bellas: Venecia, Napoli, Vaticano, Roma, Pisa, Florencia, Verona, entre otras.<br \/>\u2022 Transfer del aeropuerto de Roma al dpto.<br \/>\u2022 Fiesta de bienvenida, cena internacional, diploma y graduaci\u00f3n en castillo, \u00a1y mucha diversi\u00f3n!<br \/>\u2022 4 semanas de curso intensivo de ingl\u00e9s o italiano, previo al viaje.<\/p>\t\t\t\t\t\t<\/div>\n\t\t\t\t<\/div>\n\t\t\t\t\t<\/div>\n\t\t<\/div>\n\t\t\t\t<div class=\"elementor-column elementor-col-50 elementor-top-column elementor-element elementor-element-3bcc9c8\" data-id=\"3bcc9c8\" data-element_type=\"column\">\n\t\t\t<div class=\"elementor-widget-wrap elementor-element-populated\">\n\t\t\t\t\t\t\t\t<div class=\"elementor-element elementor-element-d2d69e7 elementor-widget elementor-widget-image\" data-id=\"d2d69e7\" data-element_type=\"widget\" data-widget_type=\"image.default\">\n\t\t\t\t<div class=\"elementor-widget-container\">\n\t\t\t\t\t\t\t\t\t\t\t\t<figure class=\"wp-caption\">\n\t\t\t\t\t\t\t\t\t\t<img loading=\"lazy\" decoding=\"async\" width=\"1707\" height=\"2560\" src=\"https:\/\/idiomasisol.com\/wp-content\/uploads\/2024\/08\/pexels-david-bartus-43782-586687-scaled.jpg\" class=\"attachment-full size-full wp-image-1733\" alt=\"\" srcset=\"https:\/\/idiomasisol.com\/wp-content\/uploads\/2024\/08\/pexels-david-bartus-43782-586687-scaled.jpg 1707w, https:\/\/idiomasisol.com\/wp-content\/uploads\/2024\/08\/pexels-david-bartus-43782-586687-200x300.jpg 200w, https:\/\/idiomasisol.com\/wp-content\/uploads\/2024\/08\/pexels-david-bartus-43782-586687-683x1024.jpg 683w, https:\/\/idiomasisol.com\/wp-content\/uploads\/2024\/08\/pexels-david-bartus-43782-586687-768x1152.jpg 768w, https:\/\/idiomasisol.com\/wp-content\/uploads\/2024\/08\/pexels-david-bartus-43782-586687-1024x1536.jpg 1024w, https:\/\/idiomasisol.com\/wp-content\/uploads\/2024\/08\/pexels-david-bartus-43782-586687-1365x2048.jpg 1365w\" sizes=\"auto, (max-width: 1707px) 100vw, 1707px\" \/>\t\t\t\t\t\t\t\t\t\t\t<figcaption class=\"widget-image-caption wp-caption-text\"><\/figcaption>\n\t\t\t\t\t\t\t\t\t\t<\/figure>\n\t\t\t\t\t\t\t\t\t<\/div>\n\t\t\t\t<\/div>\n\t\t\t\t<div class=\"elementor-element elementor-element-94915a7 elementor-widget elementor-widget-image\" data-id=\"94915a7\" data-element_type=\"widget\" data-widget_type=\"image.default\">\n\t\t\t\t<div class=\"elementor-widget-container\">\n\t\t\t\t\t\t\t\t\t\t\t\t<figure class=\"wp-caption\">\n\t\t\t\t\t\t\t\t\t\t<img loading=\"lazy\" decoding=\"async\" width=\"683\" height=\"1024\" src=\"https:\/\/idiomasisol.com\/wp-content\/uploads\/2024\/08\/pexels-pixabay-258196-683x1024.jpg\" class=\"attachment-large size-large wp-image-1734\" alt=\"\" srcset=\"https:\/\/idiomasisol.com\/wp-content\/uploads\/2024\/08\/pexels-pixabay-258196-683x1024.jpg 683w, https:\/\/idiomasisol.com\/wp-content\/uploads\/2024\/08\/pexels-pixabay-258196-200x300.jpg 200w, https:\/\/idiomasisol.com\/wp-content\/uploads\/2024\/08\/pexels-pixabay-258196-768x1152.jpg 768w, https:\/\/idiomasisol.com\/wp-content\/uploads\/2024\/08\/pexels-pixabay-258196-1024x1536.jpg 1024w, https:\/\/idiomasisol.com\/wp-content\/uploads\/2024\/08\/pexels-pixabay-258196-1366x2048.jpg 1366w, https:\/\/idiomasisol.com\/wp-content\/uploads\/2024\/08\/pexels-pixabay-258196.jpg 1467w\" sizes=\"auto, (max-width: 683px) 100vw, 683px\" \/>\t\t\t\t\t\t\t\t\t\t\t<figcaption class=\"widget-image-caption wp-caption-text\"><\/figcaption>\n\t\t\t\t\t\t\t\t\t\t<\/figure>\n\t\t\t\t\t\t\t\t\t<\/div>\n\t\t\t\t<\/div>\n\t\t\t\t<div class=\"elementor-element elementor-element-581bef1 elementor-widget elementor-widget-image\" data-id=\"581bef1\" data-element_type=\"widget\" data-widget_type=\"image.default\">\n\t\t\t\t<div class=\"elementor-widget-container\">\n\t\t\t\t\t\t\t\t\t\t\t\t\t\t\t<img loading=\"lazy\" decoding=\"async\" width=\"1024\" height=\"575\" src=\"https:\/\/idiomasisol.com\/wp-content\/uploads\/2024\/08\/IMG_6696-1024x575.jpg\" class=\"attachment-large size-large wp-image-1735\" alt=\"\" srcset=\"https:\/\/idiomasisol.com\/wp-content\/uploads\/2024\/08\/IMG_6696-1024x575.jpg 1024w, https:\/\/idiomasisol.com\/wp-content\/uploads\/2024\/08\/IMG_6696-300x168.jpg 300w, https:\/\/idiomasisol.com\/wp-content\/uploads\/2024\/08\/IMG_6696-768x431.jpg 768w, https:\/\/idiomasisol.com\/wp-content\/uploads\/2024\/08\/IMG_6696-1536x862.jpg 1536w, https:\/\/idiomasisol.com\/wp-content\/uploads\/2024\/08\/IMG_6696-2048x1150.jpg 2048w\" sizes=\"auto, (max-width: 1024px) 100vw, 1024px\" \/>\t\t\t\t\t\t\t\t\t\t\t\t\t\t\t<\/div>\n\t\t\t\t<\/div>\n\t\t\t\t\t<\/div>\n\t\t<\/div>\n\t\t\t\t\t\t\t<\/div>\n\t\t<\/section>\n\t\t\t\t\t\t\t<\/div>\n\t\t","protected":false},"excerpt":{"rendered":"<p>VIAJA A ITALIA \u00a1VIVE LA MEJOR EXPERIENCIA DE TU VIDA! T\u00fa, tus amigos y flia est\u00e1n invitados a disfrutar de Italia y Paris Viajes de 2 hasta 6 semanas, en diferentes meses del a\u00f1o! Lo \u00fanico que tienes que hacer es contactarnos y nosotros te asesoraremos en cada paso para que vivas la mayor experiencia &hellip;<\/p>\n<p class=\"read-more\"> <a class=\"\" href=\"https:\/\/idiomasisol.com\/index.php\/italia\/\"> <span class=\"screen-reader-text\">Italia<\/span> Leer m\u00e1s &raquo;<\/a><\/p>\n","protected":false},"author":1,"featured_media":0,"parent":0,"menu_order":0,"comment_status":"closed","ping_status":"closed","template":"","meta":{"site-sidebar-layout":"no-sidebar","site-content-layout":"page-builder","ast-global-header-display":"","ast-banner-title-visibility":"","ast-main-header-display":"","ast-hfb-above-header-display":"","ast-hfb-below-header-display":"","ast-hfb-mobile-header-display":"","site-post-title":"disabled","ast-breadcrumbs-content":"","ast-featured-img":"disabled","footer-sml-layout":"","theme-transparent-header-meta":"","adv-header-id-meta":"","stick-header-meta":"","header-above-stick-meta":"","header-main-stick-meta":"","header-below-stick-meta":"","_joinchat":[],"footnotes":""},"class_list":["post-1474","page","type-page","status-publish","hentry"],"_links":{"self":[{"href":"https:\/\/idiomasisol.com\/index.php\/wp-json\/wp\/v2\/pages\/1474","targetHints":{"allow":["GET"]}}],"collection":[{"href":"https:\/\/idiomasisol.com\/index.php\/wp-json\/wp\/v2\/pages"}],"about":[{"href":"https:\/\/idiomasisol.com\/index.php\/wp-json\/wp\/v2\/types\/page"}],"author":[{"embeddable":true,"href":"https:\/\/idiomasisol.com\/index.php\/wp-json\/wp\/v2\/users\/1"}],"replies":[{"embeddable":true,"href":"https:\/\/idiomasisol.com\/index.php\/wp-json\/wp\/v2\/comments?post=1474"}],"version-history":[{"count":4,"href":"https:\/\/idiomasisol.com\/index.php\/wp-json\/wp\/v2\/pages\/1474\/revisions"}],"predecessor-version":[{"id":1738,"href":"https:\/\/idiomasisol.com\/index.php\/wp-json\/wp\/v2\/pages\/1474\/revisions\/1738"}],"wp:attachment":[{"href":"https:\/\/idiomasisol.com\/index.php\/wp-json\/wp\/v2\/media?parent=1474"}],"curies":[{"name":"wp","href":"https:\/\/api.w.org\/{rel}","templated":true}]}}