{"id":1472,"date":"2024-07-18T04:35:07","date_gmt":"2024-07-18T10:35:07","guid":{"rendered":"https:\/\/idiomasisol.com\/?page_id=1472"},"modified":"2024-08-13T11:00:33","modified_gmt":"2024-08-13T17:00:33","slug":"espanol","status":"publish","type":"page","link":"https:\/\/idiomasisol.com\/index.php\/espanol\/","title":{"rendered":"Espa\u00f1ol"},"content":{"rendered":"\t\t<div data-elementor-type=\"wp-page\" data-elementor-id=\"1472\" class=\"elementor elementor-1472\">\n\t\t\t\t\t\t\t\t\t<section class=\"elementor-section elementor-top-section elementor-element elementor-element-fnc0lc4 elementor-section-full_width elementor-section-height-default elementor-section-height-default\" data-id=\"fnc0lc4\" data-element_type=\"section\" data-settings=\"{&quot;background_background&quot;:&quot;classic&quot;}\">\n\t\t\t\t\t\t<div class=\"elementor-container elementor-column-gap-no\">\n\t\t\t\t\t<div class=\"elementor-column elementor-col-100 elementor-top-column elementor-element elementor-element-5ffd739\" data-id=\"5ffd739\" data-element_type=\"column\">\n\t\t\t<div class=\"elementor-widget-wrap elementor-element-populated\">\n\t\t\t\t\t\t\t\t<div class=\"elementor-element elementor-element-db39ed2 elementor-widget elementor-widget-image\" data-id=\"db39ed2\" data-element_type=\"widget\" data-widget_type=\"image.default\">\n\t\t\t\t<div class=\"elementor-widget-container\">\n\t\t\t<style>\/*! elementor - v3.15.0 - 09-08-2023 *\/\n.elementor-widget-image{text-align:center}.elementor-widget-image a{display:inline-block}.elementor-widget-image a img[src$=\".svg\"]{width:48px}.elementor-widget-image img{vertical-align:middle;display:inline-block}<\/style>\t\t\t\t\t\t\t\t\t\t\t\t<img decoding=\"async\" src=\"https:\/\/idiomasisol.com\/wp-content\/uploads\/elementor\/thumbs\/pexels-rafael-guajardo-194140-604661-scaled-qsj1g1wzof807eetqqgxfycdb3lkg919a6vzba6kjs.jpg\" title=\"pexels-rafael-guajardo-194140-604661\" alt=\"pexels-rafael-guajardo-194140-604661\" loading=\"lazy\" \/>\t\t\t\t\t\t\t\t\t\t\t\t\t\t\t<\/div>\n\t\t\t\t<\/div>\n\t\t\t\t<section class=\"elementor-section elementor-inner-section elementor-element elementor-element-e07b74c elementor-section-boxed elementor-section-height-default elementor-section-height-default\" data-id=\"e07b74c\" data-element_type=\"section\">\n\t\t\t\t\t\t<div class=\"elementor-container elementor-column-gap-no\">\n\t\t\t\t\t<div class=\"elementor-column elementor-col-100 elementor-inner-column elementor-element elementor-element-2e93442\" data-id=\"2e93442\" data-element_type=\"column\">\n\t\t\t<div class=\"elementor-widget-wrap elementor-element-populated\">\n\t\t\t\t\t\t\t\t<div class=\"elementor-element elementor-element-d5dc303 elementor-widget elementor-widget-heading\" data-id=\"d5dc303\" data-element_type=\"widget\" data-widget_type=\"heading.default\">\n\t\t\t\t<div class=\"elementor-widget-container\">\n\t\t\t<style>\/*! elementor - v3.15.0 - 09-08-2023 *\/\n.elementor-heading-title{padding:0;margin:0;line-height:1}.elementor-widget-heading .elementor-heading-title[class*=elementor-size-]>a{color:inherit;font-size:inherit;line-height:inherit}.elementor-widget-heading .elementor-heading-title.elementor-size-small{font-size:15px}.elementor-widget-heading .elementor-heading-title.elementor-size-medium{font-size:19px}.elementor-widget-heading .elementor-heading-title.elementor-size-large{font-size:29px}.elementor-widget-heading .elementor-heading-title.elementor-size-xl{font-size:39px}.elementor-widget-heading .elementor-heading-title.elementor-size-xxl{font-size:59px}<\/style><h1 class=\"elementor-heading-title elementor-size-xl\">ESPA\u00d1OL<\/h1>\t\t<\/div>\n\t\t\t\t<\/div>\n\t\t\t\t\t<\/div>\n\t\t<\/div>\n\t\t\t\t\t\t\t<\/div>\n\t\t<\/section>\n\t\t\t\t\t<\/div>\n\t\t<\/div>\n\t\t\t\t\t\t\t<\/div>\n\t\t<\/section>\n\t\t\t\t<section class=\"elementor-section elementor-top-section elementor-element elementor-element-cq845kb elementor-section-content-middle elementor-section-boxed elementor-section-height-default elementor-section-height-default\" data-id=\"cq845kb\" data-element_type=\"section\" data-settings=\"{&quot;background_background&quot;:&quot;classic&quot;}\">\n\t\t\t\t\t\t\t<div class=\"elementor-background-overlay\"><\/div>\n\t\t\t\t\t\t\t<div class=\"elementor-container elementor-column-gap-no\">\n\t\t\t\t\t<div class=\"elementor-column elementor-col-50 elementor-top-column elementor-element elementor-element-9247ec0\" data-id=\"9247ec0\" data-element_type=\"column\">\n\t\t\t<div class=\"elementor-widget-wrap elementor-element-populated\">\n\t\t\t\t\t\t\t\t<div class=\"elementor-element elementor-element-f003f55 elementor-widget elementor-widget-heading\" data-id=\"f003f55\" data-element_type=\"widget\" data-widget_type=\"heading.default\">\n\t\t\t\t<div class=\"elementor-widget-container\">\n\t\t\t<h2 class=\"elementor-heading-title elementor-size-default\"><h3 style=\"margin-top: 0cm; line-height: normal; background-image: initial; background-position: initial; background-size: initial; background-repeat: initial; background-attachment: initial; background-origin: initial; background-clip: initial;\"><b><span style=\"font-family:&quot;Calibri&quot;,sans-serif;\ncolor:#03296D;mso-ansi-language:ES-MX\">\u00bfPor qu\u00e9 estudiar espa\u00f1ol?<\/span><\/b><\/h3><\/h2>\t\t<\/div>\n\t\t\t\t<\/div>\n\t\t\t\t<div class=\"elementor-element elementor-element-aba5f59 elementor-widget elementor-widget-text-editor\" data-id=\"aba5f59\" data-element_type=\"widget\" data-widget_type=\"text-editor.default\">\n\t\t\t\t<div class=\"elementor-widget-container\">\n\t\t\t<style>\/*! elementor - v3.15.0 - 09-08-2023 *\/\n.elementor-widget-text-editor.elementor-drop-cap-view-stacked .elementor-drop-cap{background-color:#69727d;color:#fff}.elementor-widget-text-editor.elementor-drop-cap-view-framed .elementor-drop-cap{color:#69727d;border:3px solid;background-color:transparent}.elementor-widget-text-editor:not(.elementor-drop-cap-view-default) .elementor-drop-cap{margin-top:8px}.elementor-widget-text-editor:not(.elementor-drop-cap-view-default) .elementor-drop-cap-letter{width:1em;height:1em}.elementor-widget-text-editor .elementor-drop-cap{float:left;text-align:center;line-height:1;font-size:50px}.elementor-widget-text-editor .elementor-drop-cap-letter{display:inline-block}<\/style>\t\t\t\t<p>El espa\u00f1ol es en la actualidad el tercer idioma m\u00e1s hablado del mundo, despu\u00e9s del chino y del ingl\u00e9s con casi 500 millones de personas en todo el mundo. Es importante aprender espa\u00f1ol porque es la lengua oficial en un total de 21 pa\u00edses de todo el mundo.<\/p><p>\u00a0<\/p><h4><strong>Algunas ventajas de estudiar espa\u00f1ol son:<\/strong><\/h4><ul><li>Es uno de los idiomas m\u00e1s hablados del planeta.<\/li><li>Una lengua en continuo crecimiento.<\/li><li>Disfrutar\u00e1s mucho m\u00e1s de tus viajes.<\/li><li>Tu radio de amistades y conocidos crecer\u00e1 exponencialmente.<\/li><li>Oportunidades para estudiar en el extranjero<\/li><li>Mejora tus oportunidades profesionales y laborales.<\/li><li>Aprender espa\u00f1ol te facilita aprender otros idiomas de origen lat\u00edn.<\/li><\/ul>\t\t\t\t\t\t<\/div>\n\t\t\t\t<\/div>\n\t\t\t\t\t<\/div>\n\t\t<\/div>\n\t\t\t\t<div class=\"elementor-column elementor-col-50 elementor-top-column elementor-element elementor-element-3bcc9c8\" data-id=\"3bcc9c8\" data-element_type=\"column\">\n\t\t\t<div class=\"elementor-widget-wrap elementor-element-populated\">\n\t\t\t\t\t\t\t\t<div class=\"elementor-element elementor-element-d2d69e7 elementor-widget elementor-widget-image\" data-id=\"d2d69e7\" data-element_type=\"widget\" data-widget_type=\"image.default\">\n\t\t\t\t<div class=\"elementor-widget-container\">\n\t\t\t\t\t\t\t\t\t\t\t\t\t\t\t<img loading=\"lazy\" decoding=\"async\" width=\"2048\" height=\"2560\" src=\"https:\/\/idiomasisol.com\/wp-content\/uploads\/2024\/08\/pexels-bhargava-marripati-674798-3551805-1-scaled.jpg\" class=\"attachment-full size-full wp-image-1716\" alt=\"\" srcset=\"https:\/\/idiomasisol.com\/wp-content\/uploads\/2024\/08\/pexels-bhargava-marripati-674798-3551805-1-scaled.jpg 2048w, https:\/\/idiomasisol.com\/wp-content\/uploads\/2024\/08\/pexels-bhargava-marripati-674798-3551805-1-240x300.jpg 240w, https:\/\/idiomasisol.com\/wp-content\/uploads\/2024\/08\/pexels-bhargava-marripati-674798-3551805-1-819x1024.jpg 819w, https:\/\/idiomasisol.com\/wp-content\/uploads\/2024\/08\/pexels-bhargava-marripati-674798-3551805-1-768x960.jpg 768w, https:\/\/idiomasisol.com\/wp-content\/uploads\/2024\/08\/pexels-bhargava-marripati-674798-3551805-1-1229x1536.jpg 1229w, https:\/\/idiomasisol.com\/wp-content\/uploads\/2024\/08\/pexels-bhargava-marripati-674798-3551805-1-1638x2048.jpg 1638w\" sizes=\"auto, (max-width: 2048px) 100vw, 2048px\" \/>\t\t\t\t\t\t\t\t\t\t\t\t\t\t\t<\/div>\n\t\t\t\t<\/div>\n\t\t\t\t\t<\/div>\n\t\t<\/div>\n\t\t\t\t\t\t\t<\/div>\n\t\t<\/section>\n\t\t\t\t\t\t\t<\/div>\n\t\t","protected":false},"excerpt":{"rendered":"<p>ESPA\u00d1OL \u00bfPor qu\u00e9 estudiar espa\u00f1ol? El espa\u00f1ol es en la actualidad el tercer idioma m\u00e1s hablado del mundo, despu\u00e9s del chino y del ingl\u00e9s con casi 500 millones de personas en todo el mundo. Es importante aprender espa\u00f1ol porque es la lengua oficial en un total de 21 pa\u00edses de todo el mundo. \u00a0 Algunas &hellip;<\/p>\n<p class=\"read-more\"> <a class=\"\" href=\"https:\/\/idiomasisol.com\/index.php\/espanol\/\"> <span class=\"screen-reader-text\">Espa\u00f1ol<\/span> Leer m\u00e1s &raquo;<\/a><\/p>\n","protected":false},"author":1,"featured_media":0,"parent":0,"menu_order":0,"comment_status":"closed","ping_status":"closed","template":"","meta":{"site-sidebar-layout":"no-sidebar","site-content-layout":"page-builder","ast-global-header-display":"","ast-banner-title-visibility":"","ast-main-header-display":"","ast-hfb-above-header-display":"","ast-hfb-below-header-display":"","ast-hfb-mobile-header-display":"","site-post-title":"disabled","ast-breadcrumbs-content":"","ast-featured-img":"disabled","footer-sml-layout":"","theme-transparent-header-meta":"","adv-header-id-meta":"","stick-header-meta":"","header-above-stick-meta":"","header-main-stick-meta":"","header-below-stick-meta":"","_joinchat":[],"footnotes":""},"class_list":["post-1472","page","type-page","status-publish","hentry"],"_links":{"self":[{"href":"https:\/\/idiomasisol.com\/index.php\/wp-json\/wp\/v2\/pages\/1472","targetHints":{"allow":["GET"]}}],"collection":[{"href":"https:\/\/idiomasisol.com\/index.php\/wp-json\/wp\/v2\/pages"}],"about":[{"href":"https:\/\/idiomasisol.com\/index.php\/wp-json\/wp\/v2\/types\/page"}],"author":[{"embeddable":true,"href":"https:\/\/idiomasisol.com\/index.php\/wp-json\/wp\/v2\/users\/1"}],"replies":[{"embeddable":true,"href":"https:\/\/idiomasisol.com\/index.php\/wp-json\/wp\/v2\/comments?post=1472"}],"version-history":[{"count":7,"href":"https:\/\/idiomasisol.com\/index.php\/wp-json\/wp\/v2\/pages\/1472\/revisions"}],"predecessor-version":[{"id":1719,"href":"https:\/\/idiomasisol.com\/index.php\/wp-json\/wp\/v2\/pages\/1472\/revisions\/1719"}],"wp:attachment":[{"href":"https:\/\/idiomasisol.com\/index.php\/wp-json\/wp\/v2\/media?parent=1472"}],"curies":[{"name":"wp","href":"https:\/\/api.w.org\/{rel}","templated":true}]}}